{"id":42091,"date":"2025-08-07T10:51:03","date_gmt":"2025-08-07T10:51:03","guid":{"rendered":"https:\/\/stayinpiestany.com\/?page_id=42091"},"modified":"2025-09-15T17:01:12","modified_gmt":"2025-09-15T17:01:12","slug":"services-in-piestany","status":"publish","type":"page","link":"https:\/\/stayinpiestany.com\/sk\/services-in-piestany\/","title":{"rendered":"Na\u0161e slu\u017eby"},"content":{"rendered":"<div data-elementor-type=\"wp-page\" data-elementor-id=\"42091\" class=\"elementor elementor-42091\">\n\t\t\t\t<div class=\"elementor-element elementor-element-49cf675c e-flex e-con-boxed e-con e-parent\" data-id=\"49cf675c\" data-element_type=\"container\">\n\t\t\t\t\t<div class=\"e-con-inner\">\n\t\t\t\t<div class=\"elementor-element elementor-element-1dd8a1df elementor-widget elementor-widget-text-editor\" data-id=\"1dd8a1df\" data-element_type=\"widget\" data-widget_type=\"text-editor.default\">\n\t\t\t\t<div class=\"elementor-widget-container\">\n\t\t\t\t\t\t\t\t\t\n<p><strong data-start=\"440\" data-end=\"495\">Po\u010das v\u00e1\u0161ho pobytu v Pie\u0161\u0165anoch s\u00fa na\u0161e slu\u017eby<\/strong> navrhnut\u00e9 tak, aby bol ka\u017ed\u00fd <strong>den bez stresu<\/strong> a <strong>pohodln\u00fd.<\/strong>\u010ci u\u017e ste na n\u00e1v\u0161teve kv\u00f4li <strong>lek\u00e1rskemu o\u0161etreniu, rodinn\u00e1 dovolenka, slu\u017eobn\u00e1 cesta,<\/strong> v\u00fdlet alebo pobyt pre ve\u013ek\u00fa skupinu, zabezpe\u010d\u00edme v\u0161etko od <strong>transferu z letiska a pren\u00e1jom \u00e1ut do plne vybaven\u00fdch apartm\u00e1nov, upratovacie slu\u017eby a podporu 24 hod\u00edn denne, 7 dn\u00ed v t\u00fd\u017edni.<\/strong><\/p>\n\n<p>\u00a0<\/p>\n\t\t\t\t\t\t\t\t<\/div>\n\t\t\t\t<\/div>\n\t\t\t\t\t<\/div>\n\t\t\t\t<\/div>\n\t\t\t\t<\/div>","protected":false},"excerpt":{"rendered":"<p>At Stay in Pie\u0161\u0165any, our guest services in Pie\u0161\u0165any are designed to make every stay stress-free and comfortable. Whether you\u2019re visiting for medical treatment, a family holiday, a business trip, or a large group retreat, we provide everything from airport transfers and car rentals to fully-equipped apartments, cleaning service, and 24\/7 support. \u00a0<\/p>","protected":false},"author":1,"featured_media":0,"parent":0,"menu_order":0,"comment_status":"open","ping_status":"closed","template":"blog_list.php","meta":{"inline_featured_image":false,"footnotes":""},"class_list":["post-42091","page","type-page","status-publish","hentry"],"_links":{"self":[{"href":"https:\/\/stayinpiestany.com\/sk\/wp-json\/wp\/v2\/pages\/42091","targetHints":{"allow":["GET"]}}],"collection":[{"href":"https:\/\/stayinpiestany.com\/sk\/wp-json\/wp\/v2\/pages"}],"about":[{"href":"https:\/\/stayinpiestany.com\/sk\/wp-json\/wp\/v2\/types\/page"}],"author":[{"embeddable":true,"href":"https:\/\/stayinpiestany.com\/sk\/wp-json\/wp\/v2\/users\/1"}],"replies":[{"embeddable":true,"href":"https:\/\/stayinpiestany.com\/sk\/wp-json\/wp\/v2\/comments?post=42091"}],"version-history":[{"count":9,"href":"https:\/\/stayinpiestany.com\/sk\/wp-json\/wp\/v2\/pages\/42091\/revisions"}],"predecessor-version":[{"id":42746,"href":"https:\/\/stayinpiestany.com\/sk\/wp-json\/wp\/v2\/pages\/42091\/revisions\/42746"}],"wp:attachment":[{"href":"https:\/\/stayinpiestany.com\/sk\/wp-json\/wp\/v2\/media?parent=42091"}],"curies":[{"name":"wp","href":"https:\/\/api.w.org\/{rel}","templated":true}]}}