{"id":356,"date":"2015-04-23T12:57:21","date_gmt":"2015-04-23T12:57:21","guid":{"rendered":"http:\/\/demo1.wprentals.org\/?page_id=356"},"modified":"2025-08-08T06:38:18","modified_gmt":"2025-08-08T06:38:18","slug":"terms-and-conditions","status":"publish","type":"page","link":"https:\/\/stayinpiestany.com\/sk\/terms-and-conditions\/","title":{"rendered":"Zmluvn\u00e9 podmienky"},"content":{"rendered":"<p>Vitajte na na\u0161ej webovej str\u00e1nke. Pr\u00edstupom na t\u00fato webov\u00fa str\u00e1nku alebo jej pou\u017e\u00edvan\u00edm s\u00fahlas\u00edte s t\u00fdm, \u017ee budete viazan\u00ed t\u00fdmito zmluvn\u00fdmi podmienkami. Ak s nimi nes\u00fahlas\u00edte, nepou\u017e\u00edvajte na\u0161u webov\u00fa str\u00e1nku.<\/p>\n\n\n\n<ol class=\"wp-block-list\">\n<li>Inform\u00e1cie o spolo\u010dnosti<br>T\u00fato webov\u00fa str\u00e1nku prev\u00e1dzkuje:<br>Filip Drahovsk\u00fd \u2013 Flor de Jazm\u00edn<br>Registrovan\u00e1 adresa: M.Waltari 5, 92101 Pie\u0161\u0165any, Slovensko<br>I\u010cO: 47937106<br>DI\u010c: 1087164628<br>I\u010c DPH: SK1087164628<br>E-mail: stayinpiestany@gmail.com<br>Telef\u00f3n: 00421944273937<\/li>\n\n\n\n<li>Pou\u017e\u00edvanie webovej str\u00e1nky<br>Pou\u017e\u00edvan\u00edm tejto webovej str\u00e1nky potvrdzujete, \u017ee:<\/li>\n<\/ol>\n\n\n\n<p>V\u0161etky inform\u00e1cie, ktor\u00e9 poskytujete, s\u00fa presn\u00e9 a aktu\u00e1lne.<\/p>\n\n\n\n<p>T\u00fato str\u00e1nku nebudete pou\u017e\u00edva\u0165 na \u017eiadny nez\u00e1konn\u00fd alebo neopr\u00e1vnen\u00fd \u00fa\u010del.<\/p>\n\n\n\n<ol start=\"3\" class=\"wp-block-list\">\n<li>Poskytovan\u00e9 slu\u017eby<br>T\u00e1to webov\u00e1 str\u00e1nka pon\u00faka inform\u00e1cie o pren\u00e1jme ubytovania, ktor\u00e9 spolo\u010dnos\u0165 prev\u00e1dzkuje. Dostupnos\u0165, ceny a slu\u017eby sa m\u00f4\u017eu zmeni\u0165 bez predch\u00e1dzaj\u00faceho upozornenia. V\u0161etky rezerv\u00e1cie podliehaj\u00fa potvrdeniu a podmienkam uveden\u00fdm po\u010das procesu rezerv\u00e1cie.<\/li>\n\n\n\n<li>Rezerv\u00e1cia a zru\u0161enie<br>Konkr\u00e9tne podmienky t\u00fdkaj\u00face sa rezerv\u00e1ci\u00ed, sp\u00f4sobov platby a storno podmienok bud\u00fa uveden\u00e9 po\u010das procesu rezerv\u00e1cie. Pred potvrden\u00edm rezerv\u00e1cie si, pros\u00edm, pozorne pre\u010d\u00edtajte tieto \u00fadaje.<\/li>\n\n\n\n<li>Du\u0161evn\u00e9 vlastn\u00edctvo<br>V\u0161etok obsah, obr\u00e1zky, log\u00e1 a materi\u00e1ly na tejto webovej str\u00e1nke s\u00fa du\u0161evn\u00fdm vlastn\u00edctvom spolo\u010dnosti Filip Drahovsk\u00fd \u2013 Flor de Jazm\u00edn alebo s\u00fa pou\u017eit\u00e9 na z\u00e1klade pr\u00edslu\u0161n\u00fdch licenci\u00ed. Obsah nesmiete reprodukova\u0165, distribuova\u0165 ani vyu\u017e\u00edva\u0165 na komer\u010dn\u00e9 \u00fa\u010dely bez n\u00e1\u0161ho p\u00edsomn\u00e9ho s\u00fahlasu.<\/li>\n\n\n\n<li>Obmedzenie zodpovednosti<br>Vynaklad\u00e1me maxim\u00e1lne \u00fasilie, aby sme zabezpe\u010dili presnos\u0165 a aktu\u00e1lnos\u0165 inform\u00e1ci\u00ed na tejto webovej str\u00e1nke. Nezaru\u010dujeme v\u0161ak \u00faplnos\u0165 ani spo\u013eahlivos\u0165 \u017eiadneho obsahu. Nezodpoved\u00e1me za \u017eiadne \u0161kody vypl\u00fdvaj\u00face z pou\u017e\u00edvania alebo nemo\u017enosti pou\u017e\u00edva\u0165 t\u00fato webov\u00fa str\u00e1nku.<\/li>\n\n\n\n<li>S\u00fakromie<br>Pou\u017e\u00edvanie va\u0161ich osobn\u00fdch \u00fadajov sa riadi na\u0161imi [Z\u00e1sadami ochrany osobn\u00fdch \u00fadajov]. Pou\u017e\u00edvan\u00edm tejto str\u00e1nky s\u00fahlas\u00edte so spracovan\u00edm va\u0161ich \u00fadajov, ako je op\u00edsan\u00e9 v t\u00fdchto z\u00e1sad\u00e1ch.<\/li>\n\n\n\n<li>Odkazy tret\u00edch str\u00e1n<br>Na\u0161a webov\u00e1 str\u00e1nka m\u00f4\u017ee obsahova\u0165 odkazy na webov\u00e9 str\u00e1nky tret\u00edch str\u00e1n. Nie sme zodpovedn\u00ed za obsah ani postupy t\u00fdchto webov\u00fdch str\u00e1nok a neschva\u013eujeme ich.<\/li>\n\n\n\n<li>Rozhodn\u00e9 pr\u00e1vo<br>Tieto Podmienky sa riadia z\u00e1konmi Slovenskej republiky. Ak\u00e9ko\u013evek spory vypl\u00fdvaj\u00face z pou\u017e\u00edvania tejto webovej str\u00e1nky bud\u00fa podlieha\u0165 pr\u00e1vomoci slovensk\u00fdch s\u00fadov.<\/li>\n\n\n\n<li>Zmeny podmienok<br>Vyhradzujeme si pr\u00e1vo kedyko\u013evek aktualizova\u0165 alebo zmeni\u0165 tieto Podmienky bez predch\u00e1dzaj\u00faceho upozornenia. D\u00e1tum poslednej aktualiz\u00e1cie bude v\u017edy uveden\u00fd v hornej \u010dasti.<\/li>\n<\/ol>","protected":false},"excerpt":{"rendered":"<p>Welcome to our website. By accessing or using this website, you agree to be bound by these Terms and Conditions. If you do not agree, please do not use our website. All information you provide is accurate and up-to-date. You will not use this site for any unlawful or unauthorized purpose.<\/p>","protected":false},"author":1,"featured_media":0,"parent":0,"menu_order":0,"comment_status":"closed","ping_status":"closed","template":"terms_conditions.php","meta":{"inline_featured_image":false,"footnotes":""},"class_list":["post-356","page","type-page","status-publish","hentry"],"_links":{"self":[{"href":"https:\/\/stayinpiestany.com\/sk\/wp-json\/wp\/v2\/pages\/356","targetHints":{"allow":["GET"]}}],"collection":[{"href":"https:\/\/stayinpiestany.com\/sk\/wp-json\/wp\/v2\/pages"}],"about":[{"href":"https:\/\/stayinpiestany.com\/sk\/wp-json\/wp\/v2\/types\/page"}],"author":[{"embeddable":true,"href":"https:\/\/stayinpiestany.com\/sk\/wp-json\/wp\/v2\/users\/1"}],"replies":[{"embeddable":true,"href":"https:\/\/stayinpiestany.com\/sk\/wp-json\/wp\/v2\/comments?post=356"}],"version-history":[{"count":1,"href":"https:\/\/stayinpiestany.com\/sk\/wp-json\/wp\/v2\/pages\/356\/revisions"}],"predecessor-version":[{"id":42127,"href":"https:\/\/stayinpiestany.com\/sk\/wp-json\/wp\/v2\/pages\/356\/revisions\/42127"}],"wp:attachment":[{"href":"https:\/\/stayinpiestany.com\/sk\/wp-json\/wp\/v2\/media?parent=356"}],"curies":[{"name":"wp","href":"https:\/\/api.w.org\/{rel}","templated":true}]}}